{"id":661,"date":"2025-02-24T13:10:27","date_gmt":"2025-02-24T13:10:27","guid":{"rendered":"https:\/\/fairgirls.dk\/?post_type=product&#038;p=661"},"modified":"2025-06-13T16:38:38","modified_gmt":"2025-06-13T16:38:38","slug":"carwash-kalender-2023","status":"publish","type":"product","link":"https:\/\/fairgirls.dk\/index.php\/vare\/carwash-kalender-2023\/","title":{"rendered":"Carwash Kalender 2023"},"content":{"rendered":"<p data-start=\"67\" data-end=\"122\"><strong data-start=\"67\" data-end=\"122\">Carwash Kalender 2023 \u2013 A3 Format (Bestillingsvare)<\/strong><\/p>\n<p data-start=\"124\" data-end=\"473\">Vi fik s\u00e5 god feedback p\u00e5 vores tidligere <em data-start=\"166\" data-end=\"184\">Carwash Kalender<\/em>, at vi simpelthen m\u00e5tte lave en ny! <em data-start=\"221\" data-end=\"244\">Carwash Kalender 2023<\/em> er fyldt med farverige biler og endnu mere glamour fra vores smukke FairGirls piger. Hver m\u00e5ned byder p\u00e5 en ny, spektakul\u00e6r farverig bil, og pigerne er stylet i kontrastfarver for at fremh\u00e6ve bilernes vovede og livlige udseende.<\/p>\n<p data-start=\"475\" data-end=\"491\"><strong data-start=\"475\" data-end=\"491\">Hvad du f\u00e5r:<\/strong><\/p>\n<ul data-start=\"492\" data-end=\"990\">\n<li data-start=\"492\" data-end=\"595\"><strong data-start=\"494\" data-end=\"510\">A3 st\u00f8rrelse<\/strong> \u2013 Stor og i\u00f8jnefaldende, perfekt til v\u00e6rkstedet, garagen, man cave eller butikken.<\/li>\n<li data-start=\"596\" data-end=\"690\"><strong data-start=\"598\" data-end=\"617\">Farverige biler<\/strong> \u2013 Hver m\u00e5ned pr\u00e6senterer en ny farverig bil, der virkelig fanger \u00f8jet.<\/li>\n<li data-start=\"691\" data-end=\"820\"><strong data-start=\"693\" data-end=\"714\">FairGirls Pigerne<\/strong> \u2013 Smukke piger, der er stylet i kontrastfarver, hvilket g\u00f8r billederne endnu mere dynamiske og levende.<\/li>\n<li data-start=\"821\" data-end=\"990\"><strong data-start=\"823\" data-end=\"839\">Perfekt tema<\/strong> \u2013 Uanset om du s\u00e6lger bilvaskprodukter eller bare elsker biler og stil, s\u00e5 er denne kalender det perfekte valg til dit v\u00e6rksted, butik eller som gave.<\/li>\n<\/ul>\n<p data-start=\"992\" data-end=\"1181\">Denne kalender er en visuel fest, der kombinerer smukke piger, farverige biler og masser af stil. Den er en fantastisk tilf\u00f8jelse til dit rum og et perfekt blikfang til enhver bilentusiast.<\/p>\n<p data-start=\"1183\" data-end=\"1203\"><strong data-start=\"1183\" data-end=\"1201\">Praktisk info:<\/strong><\/p>\n<ul data-start=\"1204\" data-end=\"1465\">\n<li data-start=\"1204\" data-end=\"1235\">A3 st\u00f8rrelse (297 x 420 mm)<\/li>\n<li data-start=\"1236\" data-end=\"1267\">H\u00f8jkvalitets papir og print<\/li>\n<li data-start=\"1268\" data-end=\"1358\">Perfekt til v\u00e6rkstedet, garagen, man cave eller en butik, der s\u00e6lger bilvaskprodukter.<\/li>\n<li data-start=\"1359\" data-end=\"1465\"><strong data-start=\"1361\" data-end=\"1380\">Bestillingsvare<\/strong> \u2013 V\u00e6r opm\u00e6rksom p\u00e5, at der kan g\u00e5 op til en uge, f\u00f8r kalenderen bliver sendt afsted.<\/li>\n<\/ul>\n<p data-start=\"1467\" data-end=\"1545\">G\u00f8r dit 2023 endnu mere farverigt og stilfuldt med <em data-start=\"1518\" data-end=\"1541\">Carwash Kalender 2023<\/em>! \ud83c\udf1f<\/p>\n","protected":false},"excerpt":{"rendered":"<p data-start=\"67\" data-end=\"122\"><strong data-start=\"67\" data-end=\"122\">Carwash Kalender 2023 \u2013 A3 Format (Bestillingsvare)<\/strong><\/p>\n<p data-start=\"124\" data-end=\"473\">Vi fik s\u00e5 god feedback p\u00e5 vores tidligere <em data-start=\"166\" data-end=\"184\">Carwash Kalender<\/em>, at vi simpelthen m\u00e5tte lave en ny! <em data-start=\"221\" data-end=\"244\">Carwash Kalender 2023<\/em> er fyldt med farverige biler og endnu mere glamour fra vores smukke FairGirls piger. Hver m\u00e5ned byder p\u00e5 en ny, spektakul\u00e6r farverig bil, og pigerne er stylet i kontrastfarver for at fremh\u00e6ve bilernes vovede og livlige udseende.<\/p>\n","protected":false},"featured_media":0,"comment_status":"open","ping_status":"closed","template":"","meta":{"_acf_changed":false},"product_brand":[],"product_cat":[19,31],"product_tag":[22],"class_list":{"0":"post-661","1":"product","2":"type-product","3":"status-publish","5":"product_cat-alle-vare","6":"product_cat-kalendere","7":"product_tag-22","9":"first","10":"outofstock","11":"shipping-taxable","12":"purchasable","13":"product-type-simple"},"acf":[],"_links":{"self":[{"href":"https:\/\/fairgirls.dk\/index.php\/wp-json\/wp\/v2\/product\/661","targetHints":{"allow":["GET"]}}],"collection":[{"href":"https:\/\/fairgirls.dk\/index.php\/wp-json\/wp\/v2\/product"}],"about":[{"href":"https:\/\/fairgirls.dk\/index.php\/wp-json\/wp\/v2\/types\/product"}],"replies":[{"embeddable":true,"href":"https:\/\/fairgirls.dk\/index.php\/wp-json\/wp\/v2\/comments?post=661"}],"wp:attachment":[{"href":"https:\/\/fairgirls.dk\/index.php\/wp-json\/wp\/v2\/media?parent=661"}],"wp:term":[{"taxonomy":"product_brand","embeddable":true,"href":"https:\/\/fairgirls.dk\/index.php\/wp-json\/wp\/v2\/product_brand?post=661"},{"taxonomy":"product_cat","embeddable":true,"href":"https:\/\/fairgirls.dk\/index.php\/wp-json\/wp\/v2\/product_cat?post=661"},{"taxonomy":"product_tag","embeddable":true,"href":"https:\/\/fairgirls.dk\/index.php\/wp-json\/wp\/v2\/product_tag?post=661"}],"curies":[{"name":"wp","href":"https:\/\/api.w.org\/{rel}","templated":true}]}}